{"id":2137,"date":"2016-11-28T16:22:14","date_gmt":"2016-11-28T16:22:14","guid":{"rendered":"http:\/\/intervpn.com\/?post_type=product&#038;p=4723"},"modified":"2026-01-16T13:29:47","modified_gmt":"2026-01-16T13:29:47","slug":"ivacy","status":"publish","type":"product","link":"https:\/\/intervpn.com\/fr\/vpn\/ivacy\/","title":{"rendered":"Ivacy"},"content":{"rendered":"<h3>\u00c0 propos d&rsquo;Ivacy VPN:<\/h3>\n<p>[wpsm_inline_list][\/wpsm_inline_list]<\/p>\n<hr class=\"wpsm-divider solid_divider\" style=\"margin-top: 20px;margin-bottom: 20px;\" \/>\n<h2>Nous rendons le monde num\u00e9rique plus s\u00fbr et plus accessible \u00e0 tous !<\/h2>\n<p>Chez Ivacy, l&rsquo;ing\u00e9niosit\u00e9 est ancr\u00e9e tout au long du cycle de d\u00e9veloppement de nos produits. Nous croyons en une libert\u00e9 en ligne totale, ainsi qu&rsquo;en la s\u00e9curit\u00e9 imp\u00e9n\u00e9trable de nos utilisateurs. Les yeux riv\u00e9s sur notre objectif, nous avons commenc\u00e9 notre voyage en 2007 et avons con\u00e7u le meilleur service VPN pour aider les utilisateurs \u00e0 vivre la libert\u00e9 absolue de l&rsquo;internet.<\/p>\n<h4>Caract\u00e9ristiques du VPN Ivacy<\/h4>\n<p>\u2022 Ivacy propose plus de 250 serveurs dans plus de 100 lieux.<br \/>\n\u2022 Ivacy supporte plusieurs protocoles comme PPTP, SSTP, L2TP, OpenVPN et IKEv2.<br \/>\n\u2022 Serveurs P2P optimis\u00e9s pour vous offrir la meilleure vitesse de partage de fichiers P2P ainsi qu&rsquo;un anonymat, une s\u00e9curit\u00e9 et une confidentialit\u00e9 complets.<br \/>\n\u2022 Ivacy propose des applications d\u00e9di\u00e9es pour Windows, Android, Mac, &amp;amp ; iOS.<br \/>\n\u2022 Ivacy supporte tous les principaux syst\u00e8mes d&rsquo;exploitation, y compris Windows, Mac, Linux, iOS, Android, Blackberry, etc.<br \/>\n\u2022 Vous pouvez connecter 5 appareils diff\u00e9rents simultan\u00e9ment avec un seul compte Ivacy.<br \/>\n\u2022 Diff\u00e9rentes m\u00e9thodes de paiement sont accept\u00e9es comme Paypal, Bitpay, Coin Payments, Perfect Money, Webmoney, CashU, Alipay, autres.<\/p>\n<h4>Principales caract\u00e9ristiques du Ivacy VPN<\/h4>\n<div class=\"four columns alpha\">\n<div class=\"list-1 color\">\n<ul>\n<li>Des Plans jusqu&rsquo;\u00e0 <strong>90% de r\u00e9duction<\/strong><\/li>\n<li>5 Connexions multiples<\/li>\n<li>Transferts de donn\u00e9es illimit\u00e9s<\/li>\n<li>+250 serveurs de 52 pays<\/li>\n<li>Soutien \u00e0 la construction de tunnels \u00e0 double paroi<\/li>\n<li>Internet Kill Switch pris en charge<\/li>\n<li>Serveurs P2P optimis\u00e9s<\/li>\n<li>Garantie de remboursement de 7 jours<\/li>\n<li>Logiciel VPN : PC, Mac, Linux<\/li>\n<li>Applications mobiles VPN : iOS, Android<\/li>\n<\/ul>\n<p><a class=\"button color\" href=\"https:\/\/intervpn.com\/ivacy\/join\" target=\"_blank\" rel=\"noopener noreferrer\">Recevez cette offre sp\u00e9ciale d\u00e8s maintenant !<\/a><\/p>\n<\/div>\n<\/div>\n","protected":false},"excerpt":{"rendered":"<p>\u00c0 propos d&rsquo;Ivacy VPN: [wpsm_inline_list][\/wpsm_inline_list] Nous rendons le monde num\u00e9rique plus s\u00fbr et plus accessible \u00e0 tous ! Chez Ivacy, l&rsquo;ing\u00e9niosit\u00e9 est ancr\u00e9e tout au long du cycle de d\u00e9veloppement de nos produits. Nous croyons en une libert\u00e9 en ligne totale, ainsi qu&rsquo;en la s\u00e9curit\u00e9 imp\u00e9n\u00e9trable de nos utilisateurs. Les yeux riv\u00e9s sur notre objectif, [&hellip;]<\/p>\n","protected":false},"featured_media":2138,"comment_status":"open","ping_status":"closed","template":"","meta":[],"store":[],"product_brand":[],"product_cat":[167],"product_tag":[426,425,429,427,428],"class_list":{"0":"post-2137","1":"product","2":"type-product","3":"status-publish","4":"has-post-thumbnail","6":"product_cat-vpn","7":"product_tag-ivacy-coupon","8":"product_tag-ivacy","9":"product_tag-ivacy-vpn-deal","10":"product_tag-ivacy-discount","11":"product_tag-ivacy-download","13":"first","14":"instock","15":"sale","16":"shipping-taxable","17":"product-type-external"},"yoast_head":"<!-- This site is optimized with the Yoast SEO plugin v27.4 - https:\/\/yoast.com\/product\/yoast-seo-wordpress\/ -->\n<title>Ivacy - VPN pour P2P - VPN pour Streaming - VPN \u00e0 bas prix | InterVPN<\/title>\n<meta name=\"description\" content=\"Ivacy est l&#039;un des meilleurs fournisseurs de VPN, offrant pour un bas prix des serveurs de +52 pays, 5 multi logins, des serveurs P2P.\" \/>\n<meta name=\"robots\" content=\"index, follow, max-snippet:-1, max-image-preview:large, max-video-preview:-1\" \/>\n<link rel=\"canonical\" href=\"https:\/\/intervpn.com\/fr\/vpn\/ivacy\/\" \/>\n<meta property=\"og:locale\" content=\"fr_FR\" \/>\n<meta property=\"og:type\" content=\"article\" \/>\n<meta property=\"og:title\" content=\"Ivacy - VPN pour P2P - VPN pour Streaming - VPN \u00e0 bas prix | InterVPN\" \/>\n<meta property=\"og:description\" content=\"Ivacy est l&#039;un des meilleurs fournisseurs de VPN, offrant pour un bas prix des serveurs de +52 pays, 5 multi logins, des serveurs P2P.\" \/>\n<meta property=\"og:url\" content=\"https:\/\/intervpn.com\/fr\/vpn\/ivacy\/\" \/>\n<meta property=\"og:site_name\" content=\"Meilleurs VPN - VPN gratuits - Achat VPN pas Cher - InterVPN\" \/>\n<meta property=\"article:modified_time\" content=\"2026-01-16T13:29:47+00:00\" \/>\n<meta property=\"og:image\" content=\"https:\/\/intervpn.com\/fr\/wp-content\/uploads\/sites\/2\/2020\/10\/ivacy-logo.jpg\" \/>\n\t<meta property=\"og:image:width\" content=\"1651\" \/>\n\t<meta property=\"og:image:height\" content=\"1102\" \/>\n\t<meta property=\"og:image:type\" content=\"image\/jpeg\" \/>\n<meta name=\"twitter:card\" content=\"summary_large_image\" \/>\n<script type=\"application\/ld+json\" class=\"yoast-schema-graph\">{\"@context\":\"https:\\\/\\\/schema.org\",\"@graph\":[{\"@type\":\"WebPage\",\"@id\":\"https:\\\/\\\/intervpn.com\\\/fr\\\/vpn\\\/ivacy\\\/\",\"url\":\"https:\\\/\\\/intervpn.com\\\/fr\\\/vpn\\\/ivacy\\\/\",\"name\":\"Ivacy - VPN pour P2P - VPN pour Streaming - VPN \u00e0 bas prix | InterVPN\",\"isPartOf\":{\"@id\":\"https:\\\/\\\/intervpn.com\\\/fr\\\/#website\"},\"primaryImageOfPage\":{\"@id\":\"https:\\\/\\\/intervpn.com\\\/fr\\\/vpn\\\/ivacy\\\/#primaryimage\"},\"image\":{\"@id\":\"https:\\\/\\\/intervpn.com\\\/fr\\\/vpn\\\/ivacy\\\/#primaryimage\"},\"thumbnailUrl\":\"https:\\\/\\\/intervpn.com\\\/fr\\\/wp-content\\\/uploads\\\/sites\\\/2\\\/2020\\\/10\\\/ivacy-logo.jpg\",\"datePublished\":\"2016-11-28T16:22:14+00:00\",\"dateModified\":\"2026-01-16T13:29:47+00:00\",\"description\":\"Ivacy est l'un des meilleurs fournisseurs de VPN, offrant pour un bas prix des serveurs de +52 pays, 5 multi logins, des serveurs P2P.\",\"breadcrumb\":{\"@id\":\"https:\\\/\\\/intervpn.com\\\/fr\\\/vpn\\\/ivacy\\\/#breadcrumb\"},\"inLanguage\":\"fr-FR\",\"potentialAction\":[{\"@type\":\"ReadAction\",\"target\":[\"https:\\\/\\\/intervpn.com\\\/fr\\\/vpn\\\/ivacy\\\/\"]}]},{\"@type\":\"ImageObject\",\"inLanguage\":\"fr-FR\",\"@id\":\"https:\\\/\\\/intervpn.com\\\/fr\\\/vpn\\\/ivacy\\\/#primaryimage\",\"url\":\"https:\\\/\\\/intervpn.com\\\/fr\\\/wp-content\\\/uploads\\\/sites\\\/2\\\/2020\\\/10\\\/ivacy-logo.jpg\",\"contentUrl\":\"https:\\\/\\\/intervpn.com\\\/fr\\\/wp-content\\\/uploads\\\/sites\\\/2\\\/2020\\\/10\\\/ivacy-logo.jpg\",\"width\":1651,\"height\":1102},{\"@type\":\"BreadcrumbList\",\"@id\":\"https:\\\/\\\/intervpn.com\\\/fr\\\/vpn\\\/ivacy\\\/#breadcrumb\",\"itemListElement\":[{\"@type\":\"ListItem\",\"position\":1,\"name\":\"Home\",\"item\":\"https:\\\/\\\/intervpn.com\\\/fr\\\/\"},{\"@type\":\"ListItem\",\"position\":2,\"name\":\"Fournisseurs VPN\",\"item\":\"https:\\\/\\\/intervpn.com\\\/fr\\\/vpn\\\/\"},{\"@type\":\"ListItem\",\"position\":3,\"name\":\"Ivacy\"}]},{\"@type\":\"WebSite\",\"@id\":\"https:\\\/\\\/intervpn.com\\\/fr\\\/#website\",\"url\":\"https:\\\/\\\/intervpn.com\\\/fr\\\/\",\"name\":\"Meilleurs VPN - VPN gratuits - Achat VPN pas Cher - InterVPN\",\"description\":\"Meilleurs VPN\",\"publisher\":{\"@id\":\"https:\\\/\\\/intervpn.com\\\/fr\\\/#organization\"},\"potentialAction\":[{\"@type\":\"SearchAction\",\"target\":{\"@type\":\"EntryPoint\",\"urlTemplate\":\"https:\\\/\\\/intervpn.com\\\/fr\\\/?s={search_term_string}\"},\"query-input\":{\"@type\":\"PropertyValueSpecification\",\"valueRequired\":true,\"valueName\":\"search_term_string\"}}],\"inLanguage\":\"fr-FR\"},{\"@type\":\"Organization\",\"@id\":\"https:\\\/\\\/intervpn.com\\\/fr\\\/#organization\",\"name\":\"Meilleurs VPN - VPN gratuits - Achat VPN pas Cher - InterVPN\",\"url\":\"https:\\\/\\\/intervpn.com\\\/fr\\\/\",\"logo\":{\"@type\":\"ImageObject\",\"inLanguage\":\"fr-FR\",\"@id\":\"https:\\\/\\\/intervpn.com\\\/fr\\\/#\\\/schema\\\/logo\\\/image\\\/\",\"url\":\"https:\\\/\\\/intervpn.com\\\/fr\\\/wp-content\\\/uploads\\\/sites\\\/2\\\/2020\\\/10\\\/logo-intervpn-450px.png\",\"contentUrl\":\"https:\\\/\\\/intervpn.com\\\/fr\\\/wp-content\\\/uploads\\\/sites\\\/2\\\/2020\\\/10\\\/logo-intervpn-450px.png\",\"width\":450,\"height\":122,\"caption\":\"Meilleurs VPN - VPN gratuits - Achat VPN pas Cher - InterVPN\"},\"image\":{\"@id\":\"https:\\\/\\\/intervpn.com\\\/fr\\\/#\\\/schema\\\/logo\\\/image\\\/\"}}]}<\/script>\n<!-- \/ Yoast SEO plugin. -->","yoast_head_json":{"title":"Ivacy - VPN pour P2P - VPN pour Streaming - VPN \u00e0 bas prix | InterVPN","description":"Ivacy est l'un des meilleurs fournisseurs de VPN, offrant pour un bas prix des serveurs de +52 pays, 5 multi logins, des serveurs P2P.","robots":{"index":"index","follow":"follow","max-snippet":"max-snippet:-1","max-image-preview":"max-image-preview:large","max-video-preview":"max-video-preview:-1"},"canonical":"https:\/\/intervpn.com\/fr\/vpn\/ivacy\/","og_locale":"fr_FR","og_type":"article","og_title":"Ivacy - VPN pour P2P - VPN pour Streaming - VPN \u00e0 bas prix | InterVPN","og_description":"Ivacy est l'un des meilleurs fournisseurs de VPN, offrant pour un bas prix des serveurs de +52 pays, 5 multi logins, des serveurs P2P.","og_url":"https:\/\/intervpn.com\/fr\/vpn\/ivacy\/","og_site_name":"Meilleurs VPN - VPN gratuits - Achat VPN pas Cher - InterVPN","article_modified_time":"2026-01-16T13:29:47+00:00","og_image":[{"width":1651,"height":1102,"url":"https:\/\/intervpn.com\/fr\/wp-content\/uploads\/sites\/2\/2020\/10\/ivacy-logo.jpg","type":"image\/jpeg"}],"twitter_card":"summary_large_image","schema":{"@context":"https:\/\/schema.org","@graph":[{"@type":"WebPage","@id":"https:\/\/intervpn.com\/fr\/vpn\/ivacy\/","url":"https:\/\/intervpn.com\/fr\/vpn\/ivacy\/","name":"Ivacy - VPN pour P2P - VPN pour Streaming - VPN \u00e0 bas prix | InterVPN","isPartOf":{"@id":"https:\/\/intervpn.com\/fr\/#website"},"primaryImageOfPage":{"@id":"https:\/\/intervpn.com\/fr\/vpn\/ivacy\/#primaryimage"},"image":{"@id":"https:\/\/intervpn.com\/fr\/vpn\/ivacy\/#primaryimage"},"thumbnailUrl":"https:\/\/intervpn.com\/fr\/wp-content\/uploads\/sites\/2\/2020\/10\/ivacy-logo.jpg","datePublished":"2016-11-28T16:22:14+00:00","dateModified":"2026-01-16T13:29:47+00:00","description":"Ivacy est l'un des meilleurs fournisseurs de VPN, offrant pour un bas prix des serveurs de +52 pays, 5 multi logins, des serveurs P2P.","breadcrumb":{"@id":"https:\/\/intervpn.com\/fr\/vpn\/ivacy\/#breadcrumb"},"inLanguage":"fr-FR","potentialAction":[{"@type":"ReadAction","target":["https:\/\/intervpn.com\/fr\/vpn\/ivacy\/"]}]},{"@type":"ImageObject","inLanguage":"fr-FR","@id":"https:\/\/intervpn.com\/fr\/vpn\/ivacy\/#primaryimage","url":"https:\/\/intervpn.com\/fr\/wp-content\/uploads\/sites\/2\/2020\/10\/ivacy-logo.jpg","contentUrl":"https:\/\/intervpn.com\/fr\/wp-content\/uploads\/sites\/2\/2020\/10\/ivacy-logo.jpg","width":1651,"height":1102},{"@type":"BreadcrumbList","@id":"https:\/\/intervpn.com\/fr\/vpn\/ivacy\/#breadcrumb","itemListElement":[{"@type":"ListItem","position":1,"name":"Home","item":"https:\/\/intervpn.com\/fr\/"},{"@type":"ListItem","position":2,"name":"Fournisseurs VPN","item":"https:\/\/intervpn.com\/fr\/vpn\/"},{"@type":"ListItem","position":3,"name":"Ivacy"}]},{"@type":"WebSite","@id":"https:\/\/intervpn.com\/fr\/#website","url":"https:\/\/intervpn.com\/fr\/","name":"Meilleurs VPN - VPN gratuits - Achat VPN pas Cher - InterVPN","description":"Meilleurs VPN","publisher":{"@id":"https:\/\/intervpn.com\/fr\/#organization"},"potentialAction":[{"@type":"SearchAction","target":{"@type":"EntryPoint","urlTemplate":"https:\/\/intervpn.com\/fr\/?s={search_term_string}"},"query-input":{"@type":"PropertyValueSpecification","valueRequired":true,"valueName":"search_term_string"}}],"inLanguage":"fr-FR"},{"@type":"Organization","@id":"https:\/\/intervpn.com\/fr\/#organization","name":"Meilleurs VPN - VPN gratuits - Achat VPN pas Cher - InterVPN","url":"https:\/\/intervpn.com\/fr\/","logo":{"@type":"ImageObject","inLanguage":"fr-FR","@id":"https:\/\/intervpn.com\/fr\/#\/schema\/logo\/image\/","url":"https:\/\/intervpn.com\/fr\/wp-content\/uploads\/sites\/2\/2020\/10\/logo-intervpn-450px.png","contentUrl":"https:\/\/intervpn.com\/fr\/wp-content\/uploads\/sites\/2\/2020\/10\/logo-intervpn-450px.png","width":450,"height":122,"caption":"Meilleurs VPN - VPN gratuits - Achat VPN pas Cher - InterVPN"},"image":{"@id":"https:\/\/intervpn.com\/fr\/#\/schema\/logo\/image\/"}}]}},"_links":{"self":[{"href":"https:\/\/intervpn.com\/fr\/wp-json\/wp\/v2\/product\/2137","targetHints":{"allow":["GET"]}}],"collection":[{"href":"https:\/\/intervpn.com\/fr\/wp-json\/wp\/v2\/product"}],"about":[{"href":"https:\/\/intervpn.com\/fr\/wp-json\/wp\/v2\/types\/product"}],"replies":[{"embeddable":true,"href":"https:\/\/intervpn.com\/fr\/wp-json\/wp\/v2\/comments?post=2137"}],"wp:featuredmedia":[{"embeddable":true,"href":"https:\/\/intervpn.com\/fr\/wp-json\/wp\/v2\/media\/2138"}],"wp:attachment":[{"href":"https:\/\/intervpn.com\/fr\/wp-json\/wp\/v2\/media?parent=2137"}],"wp:term":[{"taxonomy":"store","embeddable":true,"href":"https:\/\/intervpn.com\/fr\/wp-json\/wp\/v2\/store?post=2137"},{"taxonomy":"product_brand","embeddable":true,"href":"https:\/\/intervpn.com\/fr\/wp-json\/wp\/v2\/product_brand?post=2137"},{"taxonomy":"product_cat","embeddable":true,"href":"https:\/\/intervpn.com\/fr\/wp-json\/wp\/v2\/product_cat?post=2137"},{"taxonomy":"product_tag","embeddable":true,"href":"https:\/\/intervpn.com\/fr\/wp-json\/wp\/v2\/product_tag?post=2137"}],"curies":[{"name":"wp","href":"https:\/\/api.w.org\/{rel}","templated":true}]}}