{"id":2122,"date":"2015-04-30T12:16:14","date_gmt":"2015-04-30T12:16:14","guid":{"rendered":"http:\/\/intervpn.com\/vpn\/purevpn\/"},"modified":"2026-01-18T12:14:39","modified_gmt":"2026-01-18T12:14:39","slug":"purevpn","status":"publish","type":"product","link":"https:\/\/intervpn.com\/fr\/vpn\/purevpn\/","title":{"rendered":"PureVPN"},"content":{"rendered":"<h3>A propos de PureVPN :<\/h3>\n<p>[wpsm_inline_list][\/wpsm_inline_list]<\/p>\n<hr class=\"wpsm-divider solid_divider\" style=\"margin-top: 20px;margin-bottom: 20px;\" \/>\n<h2>Nous ne nous contentons pas de fournir un service VPN.. Nous offrons la libert\u00e9 sur Internet.<\/h2>\n<p>Nous attribuons \u00e0 votre ordinateur une nouvelle adresse IP de 141 pays. Red\u00e9finir les r\u00e8gles de votre pare-feu, prendre le contr\u00f4le de votre r\u00e9seau. Compatible avec Skype et d&rsquo;autres logiciels de VOIP. Compatibilit\u00e9 avec Windows, Linux, MAC, iPod, iPhone, iPad, Android, Windows Mobile.<br \/>\nObtenez une connexion s\u00e9curis\u00e9e et crypt\u00e9e entre votre ordinateur et l&rsquo;internet, emp\u00eachez les fournisseurs d&rsquo;acc\u00e8s locaux de vous espionner et limitez la vitesse du trafic en ligne.<br \/>\nNous fournissons des services PPTP, L2TP IPSec, SSTP VPN. Si vous participez \u00e0 des salons de discussion IRC, \u00e0 des jeux en ligne ou si vous souhaitez continuer \u00e0 surfer sur le web, vous trouverez notre service extr\u00eamement pr\u00e9cieux.<br \/>\nNos services VPN sont une m\u00e9thode simple et tr\u00e8s efficace pour ajouter un degr\u00e9 raisonnable de confidentialit\u00e9 et de s\u00e9curit\u00e9 \u00e0 votre utilisation d&rsquo;Internet. Il offre une couche de S\u00c9CURIT\u00c9 et d&rsquo;ANONYMIT\u00c9.<\/p>\n<h4><strong>Caract\u00e9ristiques de PureVPN<\/strong><\/h4>\n<p>\u2022 Nous proposons plus de 2000 serveurs autog\u00e9r\u00e9s dans 141 pays. 22000 ip.<br \/>\n\u2022 PureVPN supporte OpenVPN ainsi que PPTP, L2TP\/IPSec, SSTP et IKEv2.<br \/>\n\u2022 Nous avons d&rsquo;excellents logiciels pour Windows et Mac ainsi que des applications vraiment cool pour iOS et Android.<br \/>\n\u2022 PureVPN supporte tous les principaux syst\u00e8mes d&rsquo;exploitation, y compris Windows, Mac, Linux, iOS, Android, Blackberry, etc.<br \/>\n\u2022 PureVPN est l&rsquo;un des premiers fournisseurs de VPN qui a commenc\u00e9 \u00e0 accepter Bitcoin.<br \/>\n\u2022 Des ing\u00e9nieurs sp\u00e9cialis\u00e9s dans la vente et le support sont disponibles 24 heures sur 24, 7 jours sur 7, 365 jours par an sur le chat en direct et par e-mail.<br \/>\n\u2022 La technologie propri\u00e9taire utilise des algorithmes intelligents pour diriger les utilisateurs vers les serveurs les plus rapides, en fonction de la proximit\u00e9, de la vitesse d&rsquo;Internet, du trafic sur les serveurs et d&rsquo;autres variables.<\/p>\n<h4>Service DNS intelligent<\/h4>\n<p>\u2022 Ajout d&rsquo;un DNS intelligent pour diffuser en continu toutes les cha\u00eenes et sites vid\u00e9o bloqu\u00e9s par la g\u00e9ographie.<\/p>\n<h4>Principales caract\u00e9ristiques de PureVPN<\/h4>\n<div class=\"four columns alpha\">\n<div class=\"list-1 color\">\n<ul>\n<li>Des Plans Jusqu&rsquo;\u00e0 <strong>74% de r\u00e9duction<\/strong><\/li>\n<li>10 Connexions multiples<\/li>\n<li>Transferts de donn\u00e9es illimit\u00e9s<\/li>\n<li>Plus de 2000 serveurs de 141 pays<\/li>\n<li>Prise en charge du service Smart DNS<\/li>\n<li>Garantie de remboursement de 31 jours<\/li>\n<li>Logiciel VPN : PC, Mac, Linux<\/li>\n<li>Applications mobiles VPN : iOS, Android<\/li>\n<\/ul>\n<\/div>\n<\/div>\n<p><a class=\"button dark \" href=\"https:\/\/intervpn.com\/purevpn\/join\" target=\"_blank\" rel=\"noopener noreferrer\">Recevez cette offre sp\u00e9ciale d\u00e8s maintenant !<\/a><\/p>\n<p>&nbsp;<\/p>\n","protected":false},"excerpt":{"rendered":"<p>A propos de PureVPN : [wpsm_inline_list][\/wpsm_inline_list] Nous ne nous contentons pas de fournir un service VPN.. Nous offrons la libert\u00e9 sur Internet. Nous attribuons \u00e0 votre ordinateur une nouvelle adresse IP de 141 pays. Red\u00e9finir les r\u00e8gles de votre pare-feu, prendre le contr\u00f4le de votre r\u00e9seau. Compatible avec Skype et d&rsquo;autres logiciels de VOIP. Compatibilit\u00e9 [&hellip;]<\/p>\n","protected":false},"featured_media":10878,"comment_status":"open","ping_status":"closed","template":"","meta":[],"store":[],"product_brand":[],"product_cat":[354,167],"product_tag":[367,177,355,168,368,356,357,358,359,360,361,362,364,365,369,366,363,178,179,370,371],"class_list":{"0":"post-2122","1":"product","2":"type-product","3":"status-publish","4":"has-post-thumbnail","6":"product_cat-smartdns","7":"product_cat-vpn","8":"product_tag-vpn-coupon","9":"product_tag-unblock-netflix-us","10":"product_tag-best-vpn","11":"product_tag-best-vpn-for-netflix-us","12":"product_tag-vpn-deal","13":"product_tag-pure-vpn","14":"product_tag-purevpn","15":"product_tag-purevpn-5-years","16":"product_tag-purevpn-china","17":"product_tag-purevpn-coupon","18":"product_tag-purevpn-deal","19":"product_tag-purevpn-discount","20":"product_tag-purevpn-lifetime","21":"product_tag-purevpn-vpn-deal","22":"product_tag-vpn-discount","23":"product_tag-smartdns","24":"product_tag-purevpn-download","25":"product_tag-vpn-for-china","26":"product_tag-vpn-for-netflix-us","27":"product_tag-vpn-for-p2p","28":"product_tag-vpn-for-torrent","30":"first","31":"instock","32":"sale","33":"featured","34":"shipping-taxable","35":"product-type-external"},"yoast_head":"<!-- This site is optimized with the Yoast SEO plugin v27.4 - https:\/\/yoast.com\/product\/yoast-seo-wordpress\/ -->\n<title>PureVPN - SmartDNS - VPN for Hotstar - VPN for beIN Sports<\/title>\n<meta name=\"description\" content=\"PureVPN is one of the best VPNs, offering servers from 140+ countries, 10 multilogins and SmartDNS service to bypass geoblocking access.\" \/>\n<meta name=\"robots\" content=\"index, follow, max-snippet:-1, max-image-preview:large, max-video-preview:-1\" \/>\n<link rel=\"canonical\" href=\"https:\/\/intervpn.com\/fr\/vpn\/purevpn\/\" \/>\n<meta property=\"og:locale\" content=\"fr_FR\" \/>\n<meta property=\"og:type\" content=\"article\" \/>\n<meta property=\"og:title\" content=\"PureVPN - SmartDNS - VPN for Hotstar - VPN for beIN Sports\" \/>\n<meta property=\"og:description\" content=\"PureVPN is one of the best VPNs, offering servers from 140+ countries, 10 multilogins and SmartDNS service to bypass geoblocking access.\" \/>\n<meta property=\"og:url\" content=\"https:\/\/intervpn.com\/fr\/vpn\/purevpn\/\" \/>\n<meta property=\"og:site_name\" content=\"Meilleurs VPN - VPN gratuits - Achat VPN pas Cher - InterVPN\" \/>\n<meta property=\"article:modified_time\" content=\"2026-01-18T12:14:39+00:00\" \/>\n<meta property=\"og:image\" content=\"https:\/\/intervpn.com\/fr\/wp-content\/uploads\/sites\/2\/2020\/10\/purevpn-logo.jpg\" \/>\n\t<meta property=\"og:image:width\" content=\"1651\" \/>\n\t<meta property=\"og:image:height\" content=\"1102\" \/>\n\t<meta property=\"og:image:type\" content=\"image\/jpeg\" \/>\n<meta name=\"twitter:card\" content=\"summary_large_image\" \/>\n<meta name=\"twitter:label1\" content=\"Dur\u00e9e de lecture estim\u00e9e\" \/>\n\t<meta name=\"twitter:data1\" content=\"2 minutes\" \/>\n<script type=\"application\/ld+json\" class=\"yoast-schema-graph\">{\"@context\":\"https:\\\/\\\/schema.org\",\"@graph\":[{\"@type\":\"WebPage\",\"@id\":\"https:\\\/\\\/intervpn.com\\\/fr\\\/vpn\\\/purevpn\\\/\",\"url\":\"https:\\\/\\\/intervpn.com\\\/fr\\\/vpn\\\/purevpn\\\/\",\"name\":\"PureVPN - SmartDNS - VPN for Hotstar - VPN for beIN Sports\",\"isPartOf\":{\"@id\":\"https:\\\/\\\/intervpn.com\\\/fr\\\/#website\"},\"primaryImageOfPage\":{\"@id\":\"https:\\\/\\\/intervpn.com\\\/fr\\\/vpn\\\/purevpn\\\/#primaryimage\"},\"image\":{\"@id\":\"https:\\\/\\\/intervpn.com\\\/fr\\\/vpn\\\/purevpn\\\/#primaryimage\"},\"thumbnailUrl\":\"\",\"datePublished\":\"2015-04-30T12:16:14+00:00\",\"dateModified\":\"2026-01-18T12:14:39+00:00\",\"description\":\"PureVPN is one of the best VPNs, offering servers from 140+ countries, 10 multilogins and SmartDNS service to bypass geoblocking access.\",\"breadcrumb\":{\"@id\":\"https:\\\/\\\/intervpn.com\\\/fr\\\/vpn\\\/purevpn\\\/#breadcrumb\"},\"inLanguage\":\"fr-FR\",\"potentialAction\":[{\"@type\":\"ReadAction\",\"target\":[\"https:\\\/\\\/intervpn.com\\\/fr\\\/vpn\\\/purevpn\\\/\"]}]},{\"@type\":\"ImageObject\",\"inLanguage\":\"fr-FR\",\"@id\":\"https:\\\/\\\/intervpn.com\\\/fr\\\/vpn\\\/purevpn\\\/#primaryimage\",\"url\":\"\",\"contentUrl\":\"\"},{\"@type\":\"BreadcrumbList\",\"@id\":\"https:\\\/\\\/intervpn.com\\\/fr\\\/vpn\\\/purevpn\\\/#breadcrumb\",\"itemListElement\":[{\"@type\":\"ListItem\",\"position\":1,\"name\":\"Home\",\"item\":\"https:\\\/\\\/intervpn.com\\\/fr\\\/\"},{\"@type\":\"ListItem\",\"position\":2,\"name\":\"Fournisseurs VPN\",\"item\":\"https:\\\/\\\/intervpn.com\\\/fr\\\/vpn\\\/\"},{\"@type\":\"ListItem\",\"position\":3,\"name\":\"PureVPN\"}]},{\"@type\":\"WebSite\",\"@id\":\"https:\\\/\\\/intervpn.com\\\/fr\\\/#website\",\"url\":\"https:\\\/\\\/intervpn.com\\\/fr\\\/\",\"name\":\"Meilleurs VPN - VPN gratuits - Achat VPN pas Cher - InterVPN\",\"description\":\"Meilleurs VPN\",\"publisher\":{\"@id\":\"https:\\\/\\\/intervpn.com\\\/fr\\\/#organization\"},\"potentialAction\":[{\"@type\":\"SearchAction\",\"target\":{\"@type\":\"EntryPoint\",\"urlTemplate\":\"https:\\\/\\\/intervpn.com\\\/fr\\\/?s={search_term_string}\"},\"query-input\":{\"@type\":\"PropertyValueSpecification\",\"valueRequired\":true,\"valueName\":\"search_term_string\"}}],\"inLanguage\":\"fr-FR\"},{\"@type\":\"Organization\",\"@id\":\"https:\\\/\\\/intervpn.com\\\/fr\\\/#organization\",\"name\":\"Meilleurs VPN - VPN gratuits - Achat VPN pas Cher - InterVPN\",\"url\":\"https:\\\/\\\/intervpn.com\\\/fr\\\/\",\"logo\":{\"@type\":\"ImageObject\",\"inLanguage\":\"fr-FR\",\"@id\":\"https:\\\/\\\/intervpn.com\\\/fr\\\/#\\\/schema\\\/logo\\\/image\\\/\",\"url\":\"https:\\\/\\\/intervpn.com\\\/fr\\\/wp-content\\\/uploads\\\/sites\\\/2\\\/2020\\\/10\\\/logo-intervpn-450px.png\",\"contentUrl\":\"https:\\\/\\\/intervpn.com\\\/fr\\\/wp-content\\\/uploads\\\/sites\\\/2\\\/2020\\\/10\\\/logo-intervpn-450px.png\",\"width\":450,\"height\":122,\"caption\":\"Meilleurs VPN - VPN gratuits - Achat VPN pas Cher - InterVPN\"},\"image\":{\"@id\":\"https:\\\/\\\/intervpn.com\\\/fr\\\/#\\\/schema\\\/logo\\\/image\\\/\"}}]}<\/script>\n<!-- \/ Yoast SEO plugin. -->","yoast_head_json":{"title":"PureVPN - SmartDNS - VPN for Hotstar - VPN for beIN Sports","description":"PureVPN is one of the best VPNs, offering servers from 140+ countries, 10 multilogins and SmartDNS service to bypass geoblocking access.","robots":{"index":"index","follow":"follow","max-snippet":"max-snippet:-1","max-image-preview":"max-image-preview:large","max-video-preview":"max-video-preview:-1"},"canonical":"https:\/\/intervpn.com\/fr\/vpn\/purevpn\/","og_locale":"fr_FR","og_type":"article","og_title":"PureVPN - SmartDNS - VPN for Hotstar - VPN for beIN Sports","og_description":"PureVPN is one of the best VPNs, offering servers from 140+ countries, 10 multilogins and SmartDNS service to bypass geoblocking access.","og_url":"https:\/\/intervpn.com\/fr\/vpn\/purevpn\/","og_site_name":"Meilleurs VPN - VPN gratuits - Achat VPN pas Cher - InterVPN","article_modified_time":"2026-01-18T12:14:39+00:00","og_image":[{"width":1651,"height":1102,"url":"https:\/\/intervpn.com\/fr\/wp-content\/uploads\/sites\/2\/2020\/10\/purevpn-logo.jpg","type":"image\/jpeg"}],"twitter_card":"summary_large_image","twitter_misc":{"Dur\u00e9e de lecture estim\u00e9e":"2 minutes"},"schema":{"@context":"https:\/\/schema.org","@graph":[{"@type":"WebPage","@id":"https:\/\/intervpn.com\/fr\/vpn\/purevpn\/","url":"https:\/\/intervpn.com\/fr\/vpn\/purevpn\/","name":"PureVPN - SmartDNS - VPN for Hotstar - VPN for beIN Sports","isPartOf":{"@id":"https:\/\/intervpn.com\/fr\/#website"},"primaryImageOfPage":{"@id":"https:\/\/intervpn.com\/fr\/vpn\/purevpn\/#primaryimage"},"image":{"@id":"https:\/\/intervpn.com\/fr\/vpn\/purevpn\/#primaryimage"},"thumbnailUrl":"","datePublished":"2015-04-30T12:16:14+00:00","dateModified":"2026-01-18T12:14:39+00:00","description":"PureVPN is one of the best VPNs, offering servers from 140+ countries, 10 multilogins and SmartDNS service to bypass geoblocking access.","breadcrumb":{"@id":"https:\/\/intervpn.com\/fr\/vpn\/purevpn\/#breadcrumb"},"inLanguage":"fr-FR","potentialAction":[{"@type":"ReadAction","target":["https:\/\/intervpn.com\/fr\/vpn\/purevpn\/"]}]},{"@type":"ImageObject","inLanguage":"fr-FR","@id":"https:\/\/intervpn.com\/fr\/vpn\/purevpn\/#primaryimage","url":"","contentUrl":""},{"@type":"BreadcrumbList","@id":"https:\/\/intervpn.com\/fr\/vpn\/purevpn\/#breadcrumb","itemListElement":[{"@type":"ListItem","position":1,"name":"Home","item":"https:\/\/intervpn.com\/fr\/"},{"@type":"ListItem","position":2,"name":"Fournisseurs VPN","item":"https:\/\/intervpn.com\/fr\/vpn\/"},{"@type":"ListItem","position":3,"name":"PureVPN"}]},{"@type":"WebSite","@id":"https:\/\/intervpn.com\/fr\/#website","url":"https:\/\/intervpn.com\/fr\/","name":"Meilleurs VPN - VPN gratuits - Achat VPN pas Cher - InterVPN","description":"Meilleurs VPN","publisher":{"@id":"https:\/\/intervpn.com\/fr\/#organization"},"potentialAction":[{"@type":"SearchAction","target":{"@type":"EntryPoint","urlTemplate":"https:\/\/intervpn.com\/fr\/?s={search_term_string}"},"query-input":{"@type":"PropertyValueSpecification","valueRequired":true,"valueName":"search_term_string"}}],"inLanguage":"fr-FR"},{"@type":"Organization","@id":"https:\/\/intervpn.com\/fr\/#organization","name":"Meilleurs VPN - VPN gratuits - Achat VPN pas Cher - InterVPN","url":"https:\/\/intervpn.com\/fr\/","logo":{"@type":"ImageObject","inLanguage":"fr-FR","@id":"https:\/\/intervpn.com\/fr\/#\/schema\/logo\/image\/","url":"https:\/\/intervpn.com\/fr\/wp-content\/uploads\/sites\/2\/2020\/10\/logo-intervpn-450px.png","contentUrl":"https:\/\/intervpn.com\/fr\/wp-content\/uploads\/sites\/2\/2020\/10\/logo-intervpn-450px.png","width":450,"height":122,"caption":"Meilleurs VPN - VPN gratuits - Achat VPN pas Cher - InterVPN"},"image":{"@id":"https:\/\/intervpn.com\/fr\/#\/schema\/logo\/image\/"}}]}},"_links":{"self":[{"href":"https:\/\/intervpn.com\/fr\/wp-json\/wp\/v2\/product\/2122","targetHints":{"allow":["GET"]}}],"collection":[{"href":"https:\/\/intervpn.com\/fr\/wp-json\/wp\/v2\/product"}],"about":[{"href":"https:\/\/intervpn.com\/fr\/wp-json\/wp\/v2\/types\/product"}],"replies":[{"embeddable":true,"href":"https:\/\/intervpn.com\/fr\/wp-json\/wp\/v2\/comments?post=2122"}],"wp:featuredmedia":[{"embeddable":true,"href":"https:\/\/intervpn.com\/fr\/wp-json\/"}],"wp:attachment":[{"href":"https:\/\/intervpn.com\/fr\/wp-json\/wp\/v2\/media?parent=2122"}],"wp:term":[{"taxonomy":"store","embeddable":true,"href":"https:\/\/intervpn.com\/fr\/wp-json\/wp\/v2\/store?post=2122"},{"taxonomy":"product_brand","embeddable":true,"href":"https:\/\/intervpn.com\/fr\/wp-json\/wp\/v2\/product_brand?post=2122"},{"taxonomy":"product_cat","embeddable":true,"href":"https:\/\/intervpn.com\/fr\/wp-json\/wp\/v2\/product_cat?post=2122"},{"taxonomy":"product_tag","embeddable":true,"href":"https:\/\/intervpn.com\/fr\/wp-json\/wp\/v2\/product_tag?post=2122"}],"curies":[{"name":"wp","href":"https:\/\/api.w.org\/{rel}","templated":true}]}}