{"id":2119,"date":"2018-07-11T11:15:39","date_gmt":"2018-07-11T11:15:39","guid":{"rendered":"https:\/\/intervpn.com\/?post_type=product&#038;p=5081"},"modified":"2026-02-04T18:44:47","modified_gmt":"2026-02-04T18:44:47","slug":"nordvpn","status":"publish","type":"product","link":"https:\/\/intervpn.com\/fr\/vpn\/nordvpn\/","title":{"rendered":"NordVPN"},"content":{"rendered":"<h3>A propos du NordVPN :<\/h3>\n<p>[wpsm_inline_list][\/wpsm_inline_list]<\/p>\n<hr class=\"wpsm-divider solid_divider\" style=\"margin-top: 20px;margin-bottom: 20px;\" \/>\n<h2>NordVPN : Profitez d&rsquo;un acc\u00e8s s\u00e9curis\u00e9 et priv\u00e9 \u00e0 l&rsquo;internet<\/h2>\n<p>Avec NordVPN, cryptez votre activit\u00e9 en ligne pour prot\u00e9ger vos donn\u00e9es priv\u00e9es contre les pirates informatiques ou les annonceurs fouineurs. Profitez d&rsquo;une connectivit\u00e9 mondiale, d&rsquo;un d\u00e9bit performant et d&rsquo;un acc\u00e8s s\u00e9curis\u00e9 aux sites de streaming, aux contenus censur\u00e9s et aux r\u00e9seaux sociaux.<\/p>\n<h4>Caract\u00e9ristiques du NordVPN<\/h4>\n<p>\u2022 Le NordVPN fournit plus de 5 550 serveurs dans 59 pays.<br \/>\n\u2022 supporte plusieurs protocoles comme OpenVPN, PPTP, SSTP, L2TP et IKEv2\/IPsec.<br \/>\n\u2022 fournit des centaines de serveurs optimis\u00e9s pour le P2P offrant un cryptage de haut niveau et une vitesse de t\u00e9l\u00e9chargement rapide.<br \/>\n\u2022 fournit des applications d\u00e9di\u00e9es pour Windows, Android, Mac et iOS.<br \/>\n\u2022 fournit des extensions de proxy pour Chrome et Firefox.<br \/>\n\u2022 supporte tous les principaux syst\u00e8mes d&rsquo;exploitation, y compris Windows, Mac, Linux, iOS, Android, etc.<br \/>\n\u2022 Vous pouvez connecter 6 appareils diff\u00e9rents simultan\u00e9ment avec un seul compte NordVPN.<br \/>\n\u2022 Diff\u00e9rentes m\u00e9thodes de paiement sont accept\u00e9es comme Paypal, les cartes de cr\u00e9dit et de d\u00e9bit, Crypto Currencies, Webmoney, Alipay et autres.<\/p>\n<h4>Principales caract\u00e9ristiques du NordVPN<\/h4>\n<div class=\"four columns alpha\">\n<div class=\"list-1 color\">\n<ul>\n<li>R\u00e9duction jusqu&rsquo;\u00e0 <strong>68% Off<\/strong><\/li>\n<li>6 Multi logins<\/li>\n<li>Transferts de donn\u00e9es illimit\u00e9s<\/li>\n<li>Plus de 5 550 serveurs de 59 pays<\/li>\n<li>Politique d&rsquo;absence de Logs<\/li>\n<li>Double cryptage<\/li>\n<li>Internet Kill Switch pris en charge<\/li>\n<li>Serveurs P2P optimis\u00e9s<\/li>\n<li>Garantie de remboursement de 30 jours<\/li>\n<li>Logiciel VPN : PC, Mac, Linux<\/li>\n<li>Applications mobiles VPN : iOS, Android<\/li>\n<\/ul>\n<\/div>\n<\/div>\n<p><a class=\"button dark \" href=\"https:\/\/intervpn.com\/nordvpn\/join\" target=\"_blank\" rel=\"noopener noreferrer\">Recevez cette offre sp\u00e9ciale d\u00e8s maintenant !<\/a><\/p>\n","protected":false},"excerpt":{"rendered":"<p>A propos du NordVPN : [wpsm_inline_list][\/wpsm_inline_list] NordVPN : Profitez d&rsquo;un acc\u00e8s s\u00e9curis\u00e9 et priv\u00e9 \u00e0 l&rsquo;internet Avec NordVPN, cryptez votre activit\u00e9 en ligne pour prot\u00e9ger vos donn\u00e9es priv\u00e9es contre les pirates informatiques ou les annonceurs fouineurs. Profitez d&rsquo;une connectivit\u00e9 mondiale, d&rsquo;un d\u00e9bit performant et d&rsquo;un acc\u00e8s s\u00e9curis\u00e9 aux sites de streaming, aux contenus censur\u00e9s et [&hellip;]<\/p>\n","protected":false},"featured_media":2413,"comment_status":"open","ping_status":"closed","template":"","meta":[],"store":[],"product_brand":[],"product_cat":[167],"product_tag":[345,177,168,343,344,348,349,350,346,351,347,178,179],"class_list":{"0":"post-2119","1":"product","2":"type-product","3":"status-publish","4":"has-post-thumbnail","6":"product_cat-vpn","7":"product_tag-nordvpn-coupon","8":"product_tag-unblock-netflix-us","9":"product_tag-best-vpn-for-netflix-us","10":"product_tag-nordvpn","11":"product_tag-nordvpn-5-years","12":"product_tag-nordvpn-download","13":"product_tag-nordvpn-lifetime","14":"product_tag-nordvpn-vpn","15":"product_tag-nordvpn-deal","16":"product_tag-nordvpn-vpn-deal","17":"product_tag-nordvpn-discount","18":"product_tag-vpn-for-china","19":"product_tag-vpn-for-netflix-us","21":"first","22":"instock","23":"sale","24":"shipping-taxable","25":"product-type-external"},"yoast_head":"<!-- This site is optimized with the Yoast SEO plugin v27.4 - https:\/\/yoast.com\/product\/yoast-seo-wordpress\/ -->\n<title>NordVPN - Meilleur VPN 2026 - No logs - P2P optimis\u00e9 - InterVPN<\/title>\n<meta name=\"description\" content=\"NordVPN offre une connexion de haute s\u00e9curit\u00e9, utilis\u00e9 par plus d&#039;1M d&#039;internautes. Des serveurs depuis +59 pays, P2P optimis\u00e9, pas de logs.\" \/>\n<meta name=\"robots\" content=\"index, follow, max-snippet:-1, max-image-preview:large, max-video-preview:-1\" \/>\n<link rel=\"canonical\" href=\"https:\/\/intervpn.com\/fr\/vpn\/nordvpn\/\" \/>\n<meta property=\"og:locale\" content=\"fr_FR\" \/>\n<meta property=\"og:type\" content=\"article\" \/>\n<meta property=\"og:title\" content=\"NordVPN - Meilleur VPN 2026 - No logs - P2P optimis\u00e9 - InterVPN\" \/>\n<meta property=\"og:description\" content=\"NordVPN offre une connexion de haute s\u00e9curit\u00e9, utilis\u00e9 par plus d&#039;1M d&#039;internautes. Des serveurs depuis +59 pays, P2P optimis\u00e9, pas de logs.\" \/>\n<meta property=\"og:url\" content=\"https:\/\/intervpn.com\/fr\/vpn\/nordvpn\/\" \/>\n<meta property=\"og:site_name\" content=\"Meilleurs VPN - VPN gratuits - Achat VPN pas Cher - InterVPN\" \/>\n<meta property=\"article:modified_time\" content=\"2026-02-04T18:44:47+00:00\" \/>\n<meta property=\"og:image\" content=\"https:\/\/intervpn.com\/fr\/wp-content\/uploads\/sites\/2\/2018\/07\/nordvpn-logo.jpg\" \/>\n\t<meta property=\"og:image:width\" content=\"1651\" \/>\n\t<meta property=\"og:image:height\" content=\"1101\" \/>\n\t<meta property=\"og:image:type\" content=\"image\/jpeg\" \/>\n<meta name=\"twitter:card\" content=\"summary_large_image\" \/>\n<meta name=\"twitter:label1\" content=\"Dur\u00e9e de lecture estim\u00e9e\" \/>\n\t<meta name=\"twitter:data1\" content=\"2 minutes\" \/>\n<script type=\"application\/ld+json\" class=\"yoast-schema-graph\">{\"@context\":\"https:\\\/\\\/schema.org\",\"@graph\":[{\"@type\":\"WebPage\",\"@id\":\"https:\\\/\\\/intervpn.com\\\/fr\\\/vpn\\\/nordvpn\\\/\",\"url\":\"https:\\\/\\\/intervpn.com\\\/fr\\\/vpn\\\/nordvpn\\\/\",\"name\":\"NordVPN - Meilleur VPN 2026 - No logs - P2P optimis\u00e9 - InterVPN\",\"isPartOf\":{\"@id\":\"https:\\\/\\\/intervpn.com\\\/fr\\\/#website\"},\"primaryImageOfPage\":{\"@id\":\"https:\\\/\\\/intervpn.com\\\/fr\\\/vpn\\\/nordvpn\\\/#primaryimage\"},\"image\":{\"@id\":\"https:\\\/\\\/intervpn.com\\\/fr\\\/vpn\\\/nordvpn\\\/#primaryimage\"},\"thumbnailUrl\":\"https:\\\/\\\/intervpn.com\\\/fr\\\/wp-content\\\/uploads\\\/sites\\\/2\\\/2018\\\/07\\\/nordvpn-logo.jpg\",\"datePublished\":\"2018-07-11T11:15:39+00:00\",\"dateModified\":\"2026-02-04T18:44:47+00:00\",\"description\":\"NordVPN offre une connexion de haute s\u00e9curit\u00e9, utilis\u00e9 par plus d'1M d'internautes. Des serveurs depuis +59 pays, P2P optimis\u00e9, pas de logs.\",\"breadcrumb\":{\"@id\":\"https:\\\/\\\/intervpn.com\\\/fr\\\/vpn\\\/nordvpn\\\/#breadcrumb\"},\"inLanguage\":\"fr-FR\",\"potentialAction\":[{\"@type\":\"ReadAction\",\"target\":[\"https:\\\/\\\/intervpn.com\\\/fr\\\/vpn\\\/nordvpn\\\/\"]}]},{\"@type\":\"ImageObject\",\"inLanguage\":\"fr-FR\",\"@id\":\"https:\\\/\\\/intervpn.com\\\/fr\\\/vpn\\\/nordvpn\\\/#primaryimage\",\"url\":\"https:\\\/\\\/intervpn.com\\\/fr\\\/wp-content\\\/uploads\\\/sites\\\/2\\\/2018\\\/07\\\/nordvpn-logo.jpg\",\"contentUrl\":\"https:\\\/\\\/intervpn.com\\\/fr\\\/wp-content\\\/uploads\\\/sites\\\/2\\\/2018\\\/07\\\/nordvpn-logo.jpg\",\"width\":1651,\"height\":1101,\"caption\":\"NordVPN - Meilleur VPN\"},{\"@type\":\"BreadcrumbList\",\"@id\":\"https:\\\/\\\/intervpn.com\\\/fr\\\/vpn\\\/nordvpn\\\/#breadcrumb\",\"itemListElement\":[{\"@type\":\"ListItem\",\"position\":1,\"name\":\"Home\",\"item\":\"https:\\\/\\\/intervpn.com\\\/fr\\\/\"},{\"@type\":\"ListItem\",\"position\":2,\"name\":\"Fournisseurs VPN\",\"item\":\"https:\\\/\\\/intervpn.com\\\/fr\\\/vpn\\\/\"},{\"@type\":\"ListItem\",\"position\":3,\"name\":\"NordVPN\"}]},{\"@type\":\"WebSite\",\"@id\":\"https:\\\/\\\/intervpn.com\\\/fr\\\/#website\",\"url\":\"https:\\\/\\\/intervpn.com\\\/fr\\\/\",\"name\":\"Meilleurs VPN - VPN gratuits - Achat VPN pas Cher - InterVPN\",\"description\":\"Meilleurs VPN\",\"publisher\":{\"@id\":\"https:\\\/\\\/intervpn.com\\\/fr\\\/#organization\"},\"potentialAction\":[{\"@type\":\"SearchAction\",\"target\":{\"@type\":\"EntryPoint\",\"urlTemplate\":\"https:\\\/\\\/intervpn.com\\\/fr\\\/?s={search_term_string}\"},\"query-input\":{\"@type\":\"PropertyValueSpecification\",\"valueRequired\":true,\"valueName\":\"search_term_string\"}}],\"inLanguage\":\"fr-FR\"},{\"@type\":\"Organization\",\"@id\":\"https:\\\/\\\/intervpn.com\\\/fr\\\/#organization\",\"name\":\"Meilleurs VPN - VPN gratuits - Achat VPN pas Cher - InterVPN\",\"url\":\"https:\\\/\\\/intervpn.com\\\/fr\\\/\",\"logo\":{\"@type\":\"ImageObject\",\"inLanguage\":\"fr-FR\",\"@id\":\"https:\\\/\\\/intervpn.com\\\/fr\\\/#\\\/schema\\\/logo\\\/image\\\/\",\"url\":\"https:\\\/\\\/intervpn.com\\\/fr\\\/wp-content\\\/uploads\\\/sites\\\/2\\\/2020\\\/10\\\/logo-intervpn-450px.png\",\"contentUrl\":\"https:\\\/\\\/intervpn.com\\\/fr\\\/wp-content\\\/uploads\\\/sites\\\/2\\\/2020\\\/10\\\/logo-intervpn-450px.png\",\"width\":450,\"height\":122,\"caption\":\"Meilleurs VPN - VPN gratuits - Achat VPN pas Cher - InterVPN\"},\"image\":{\"@id\":\"https:\\\/\\\/intervpn.com\\\/fr\\\/#\\\/schema\\\/logo\\\/image\\\/\"}}]}<\/script>\n<!-- \/ Yoast SEO plugin. -->","yoast_head_json":{"title":"NordVPN - Meilleur VPN 2026 - No logs - P2P optimis\u00e9 - InterVPN","description":"NordVPN offre une connexion de haute s\u00e9curit\u00e9, utilis\u00e9 par plus d'1M d'internautes. Des serveurs depuis +59 pays, P2P optimis\u00e9, pas de logs.","robots":{"index":"index","follow":"follow","max-snippet":"max-snippet:-1","max-image-preview":"max-image-preview:large","max-video-preview":"max-video-preview:-1"},"canonical":"https:\/\/intervpn.com\/fr\/vpn\/nordvpn\/","og_locale":"fr_FR","og_type":"article","og_title":"NordVPN - Meilleur VPN 2026 - No logs - P2P optimis\u00e9 - InterVPN","og_description":"NordVPN offre une connexion de haute s\u00e9curit\u00e9, utilis\u00e9 par plus d'1M d'internautes. Des serveurs depuis +59 pays, P2P optimis\u00e9, pas de logs.","og_url":"https:\/\/intervpn.com\/fr\/vpn\/nordvpn\/","og_site_name":"Meilleurs VPN - VPN gratuits - Achat VPN pas Cher - InterVPN","article_modified_time":"2026-02-04T18:44:47+00:00","og_image":[{"width":1651,"height":1101,"url":"https:\/\/intervpn.com\/fr\/wp-content\/uploads\/sites\/2\/2018\/07\/nordvpn-logo.jpg","type":"image\/jpeg"}],"twitter_card":"summary_large_image","twitter_misc":{"Dur\u00e9e de lecture estim\u00e9e":"2 minutes"},"schema":{"@context":"https:\/\/schema.org","@graph":[{"@type":"WebPage","@id":"https:\/\/intervpn.com\/fr\/vpn\/nordvpn\/","url":"https:\/\/intervpn.com\/fr\/vpn\/nordvpn\/","name":"NordVPN - Meilleur VPN 2026 - No logs - P2P optimis\u00e9 - InterVPN","isPartOf":{"@id":"https:\/\/intervpn.com\/fr\/#website"},"primaryImageOfPage":{"@id":"https:\/\/intervpn.com\/fr\/vpn\/nordvpn\/#primaryimage"},"image":{"@id":"https:\/\/intervpn.com\/fr\/vpn\/nordvpn\/#primaryimage"},"thumbnailUrl":"https:\/\/intervpn.com\/fr\/wp-content\/uploads\/sites\/2\/2018\/07\/nordvpn-logo.jpg","datePublished":"2018-07-11T11:15:39+00:00","dateModified":"2026-02-04T18:44:47+00:00","description":"NordVPN offre une connexion de haute s\u00e9curit\u00e9, utilis\u00e9 par plus d'1M d'internautes. Des serveurs depuis +59 pays, P2P optimis\u00e9, pas de logs.","breadcrumb":{"@id":"https:\/\/intervpn.com\/fr\/vpn\/nordvpn\/#breadcrumb"},"inLanguage":"fr-FR","potentialAction":[{"@type":"ReadAction","target":["https:\/\/intervpn.com\/fr\/vpn\/nordvpn\/"]}]},{"@type":"ImageObject","inLanguage":"fr-FR","@id":"https:\/\/intervpn.com\/fr\/vpn\/nordvpn\/#primaryimage","url":"https:\/\/intervpn.com\/fr\/wp-content\/uploads\/sites\/2\/2018\/07\/nordvpn-logo.jpg","contentUrl":"https:\/\/intervpn.com\/fr\/wp-content\/uploads\/sites\/2\/2018\/07\/nordvpn-logo.jpg","width":1651,"height":1101,"caption":"NordVPN - Meilleur VPN"},{"@type":"BreadcrumbList","@id":"https:\/\/intervpn.com\/fr\/vpn\/nordvpn\/#breadcrumb","itemListElement":[{"@type":"ListItem","position":1,"name":"Home","item":"https:\/\/intervpn.com\/fr\/"},{"@type":"ListItem","position":2,"name":"Fournisseurs VPN","item":"https:\/\/intervpn.com\/fr\/vpn\/"},{"@type":"ListItem","position":3,"name":"NordVPN"}]},{"@type":"WebSite","@id":"https:\/\/intervpn.com\/fr\/#website","url":"https:\/\/intervpn.com\/fr\/","name":"Meilleurs VPN - VPN gratuits - Achat VPN pas Cher - InterVPN","description":"Meilleurs VPN","publisher":{"@id":"https:\/\/intervpn.com\/fr\/#organization"},"potentialAction":[{"@type":"SearchAction","target":{"@type":"EntryPoint","urlTemplate":"https:\/\/intervpn.com\/fr\/?s={search_term_string}"},"query-input":{"@type":"PropertyValueSpecification","valueRequired":true,"valueName":"search_term_string"}}],"inLanguage":"fr-FR"},{"@type":"Organization","@id":"https:\/\/intervpn.com\/fr\/#organization","name":"Meilleurs VPN - VPN gratuits - Achat VPN pas Cher - InterVPN","url":"https:\/\/intervpn.com\/fr\/","logo":{"@type":"ImageObject","inLanguage":"fr-FR","@id":"https:\/\/intervpn.com\/fr\/#\/schema\/logo\/image\/","url":"https:\/\/intervpn.com\/fr\/wp-content\/uploads\/sites\/2\/2020\/10\/logo-intervpn-450px.png","contentUrl":"https:\/\/intervpn.com\/fr\/wp-content\/uploads\/sites\/2\/2020\/10\/logo-intervpn-450px.png","width":450,"height":122,"caption":"Meilleurs VPN - VPN gratuits - Achat VPN pas Cher - InterVPN"},"image":{"@id":"https:\/\/intervpn.com\/fr\/#\/schema\/logo\/image\/"}}]}},"_links":{"self":[{"href":"https:\/\/intervpn.com\/fr\/wp-json\/wp\/v2\/product\/2119","targetHints":{"allow":["GET"]}}],"collection":[{"href":"https:\/\/intervpn.com\/fr\/wp-json\/wp\/v2\/product"}],"about":[{"href":"https:\/\/intervpn.com\/fr\/wp-json\/wp\/v2\/types\/product"}],"replies":[{"embeddable":true,"href":"https:\/\/intervpn.com\/fr\/wp-json\/wp\/v2\/comments?post=2119"}],"wp:featuredmedia":[{"embeddable":true,"href":"https:\/\/intervpn.com\/fr\/wp-json\/wp\/v2\/media\/2413"}],"wp:attachment":[{"href":"https:\/\/intervpn.com\/fr\/wp-json\/wp\/v2\/media?parent=2119"}],"wp:term":[{"taxonomy":"store","embeddable":true,"href":"https:\/\/intervpn.com\/fr\/wp-json\/wp\/v2\/store?post=2119"},{"taxonomy":"product_brand","embeddable":true,"href":"https:\/\/intervpn.com\/fr\/wp-json\/wp\/v2\/product_brand?post=2119"},{"taxonomy":"product_cat","embeddable":true,"href":"https:\/\/intervpn.com\/fr\/wp-json\/wp\/v2\/product_cat?post=2119"},{"taxonomy":"product_tag","embeddable":true,"href":"https:\/\/intervpn.com\/fr\/wp-json\/wp\/v2\/product_tag?post=2119"}],"curies":[{"name":"wp","href":"https:\/\/api.w.org\/{rel}","templated":true}]}}