{"id":2069,"date":"2020-09-02T17:29:54","date_gmt":"2020-09-02T17:29:54","guid":{"rendered":"https:\/\/intervpn.com\/?post_type=product&#038;p=7214"},"modified":"2026-03-18T13:41:16","modified_gmt":"2026-03-18T13:41:16","slug":"surfshark","status":"publish","type":"product","link":"https:\/\/intervpn.com\/fr\/vpn\/surfshark\/","title":{"rendered":"Surfshark"},"content":{"rendered":"<h3>About Surfshark:<\/h3>\n<p>[wpsm_inline_list][\/wpsm_inline_list]<\/p>\n<hr class=\"wpsm-divider solid_divider\" style=\"margin-top: 20px;margin-bottom: 20px;\" \/>\n<h2>Surfshark : S\u00e9curisez votre vie num\u00e9rique sans effort<\/h2>\n<p>Avec Surfshark, prot\u00e9gez-vous des fouineurs et des pirates informatiques qui pourraient acc\u00e9der \u00e0 vos fichiers, messages ou autres informations priv\u00e9es. Activez un VPN pour crypter et s\u00e9curiser toutes vos donn\u00e9es.<br \/>\nConnectez autant d&rsquo;appareils que vous voulez \u00e0 la fois ! D\u00e9bloquez et diffusez tout, les biblioth\u00e8ques Netflix, la t\u00e9l\u00e9vision britannique de BBC iPlayer, Hulu, beIN et de nombreux services de diffusion en continu g\u00e9obloqu\u00e9s.<\/p>\n<h4>Caract\u00e9ristiques de Surfshark<\/h4>\n<p>\u2022 Surfshark fournit plus de 1 700 serveurs dans 65 pays.<br \/>\n\u2022 Il prend en charge de nombreux protocoles tels que OpenVPN, PPTP, SSTP, L2TP et IKEv2\/IPsec.<br \/>\n\u2022 Tous les serveurs sont optimis\u00e9s pour le P2P, offrant un cryptage de haut niveau et une vitesse de t\u00e9l\u00e9chargement rapide.<br \/>\n\u2022 Fournit des applications d\u00e9di\u00e9es pour Windows, Android, Mac et iOS.<br \/>\n\u2022 Extensions pour Chrome et Firefox.<br \/>\n\u2022 Supporte tous les syst\u00e8mes d&rsquo;exploitation, y compris Windows, Mac, Linux, iOS, Android, etc.<br \/>\n\u2022 Vous pouvez connecter simultan\u00e9ment un nombre illimit\u00e9 d&rsquo;appareils diff\u00e9rents avec un seul compte Surfshark.<br \/>\n\u2022 Diff\u00e9rentes m\u00e9thodes de paiement sont accept\u00e9es comme Paypal, les cartes de cr\u00e9dit et de d\u00e9bit, les devises Crypto, Google Pay et Amazon Pay.<\/p>\n<h4>Principales caract\u00e9ristiques de Surfshark<\/h4>\n<div class=\"four columns alpha\">\n<div class=\"list-1 color\">\n<ul>\n<li>Des Plans <strong>Jusqu&rsquo;\u00e0 81% de r\u00e9duction<\/strong><\/li>\n<li><strong>Nombre illimit\u00e9 d&rsquo;appareils et de connexions multiples<\/strong><\/li>\n<li>Transferts de donn\u00e9es illimit\u00e9s<\/li>\n<li>Plus de 1700 serveurs de 65 pays<\/li>\n<li>DNS priv\u00e9 sur chaque serveur<\/li>\n<li>Politique No logs<\/li>\n<li>Connexion s\u00e9par\u00e9e (Split)<\/li>\n<li>AdBlock<\/li>\n<li>Internet Kill Switch pris en charge<\/li>\n<li>Tous les serveurs sont compatibles P2P<\/li>\n<li>Garantie de remboursement de 30 jours<\/li>\n<li>Logiciel VPN : PC, Mac, Linux<\/li>\n<li>Applications mobiles VPN : iOS, Android<\/li>\n<\/ul>\n<\/div>\n<\/div>\n<p><a class=\"button dark \" href=\"https:\/\/intervpn.com\/surfshark\/join\/\" target=\"_blank\" rel=\"noopener noreferrer\">Recevez cette offre sp\u00e9ciale d\u00e8s maintenant!<\/a><\/p>\n","protected":false},"excerpt":{"rendered":"<p>About Surfshark: [wpsm_inline_list][\/wpsm_inline_list] Surfshark : S\u00e9curisez votre vie num\u00e9rique sans effort Avec Surfshark, prot\u00e9gez-vous des fouineurs et des pirates informatiques qui pourraient acc\u00e9der \u00e0 vos fichiers, messages ou autres informations priv\u00e9es. Activez un VPN pour crypter et s\u00e9curiser toutes vos donn\u00e9es. Connectez autant d&rsquo;appareils que vous voulez \u00e0 la fois ! D\u00e9bloquez et diffusez tout, [&hellip;]<\/p>\n","protected":false},"featured_media":2064,"comment_status":"open","ping_status":"closed","template":"","meta":[],"store":[],"product_brand":[],"product_cat":[167],"product_tag":[170,177,168,171,176,172,169,174,175,173,178,179],"class_list":{"0":"post-2069","1":"product","2":"type-product","3":"status-publish","4":"has-post-thumbnail","6":"product_cat-vpn","7":"product_tag-surfshark-coupon","8":"product_tag-unblock-netflix-us","9":"product_tag-best-vpn-for-netflix-us","10":"product_tag-surfshark-deal","11":"product_tag-surfshark-vpn-deal","12":"product_tag-surfshark-discount","13":"product_tag-surfshark","14":"product_tag-surfshark-lifetime","15":"product_tag-surfshark-vpn","16":"product_tag-surfshark-download","17":"product_tag-vpn-for-china","18":"product_tag-vpn-for-netflix-us","20":"first","21":"instock","22":"sale","23":"featured","24":"shipping-taxable","25":"product-type-external"},"yoast_head":"<!-- This site is optimized with the Yoast SEO plugin v27.4 - https:\/\/yoast.com\/product\/yoast-seo-wordpress\/ -->\n<title>Surfshark - Meilleur VPN 2026 - Surfshark VPN Coupon - InterVPN<\/title>\n<meta name=\"description\" content=\"Surfshark un VPN de confiance, utilis\u00e9 par plus d&#039;un million d&#039;internautes. Des serveurs de 65 pays, P2P, Pas de logs, Adblock.\" \/>\n<meta name=\"robots\" content=\"index, follow, max-snippet:-1, max-image-preview:large, max-video-preview:-1\" \/>\n<link rel=\"canonical\" href=\"https:\/\/intervpn.com\/fr\/vpn\/surfshark\/\" \/>\n<meta property=\"og:locale\" content=\"fr_FR\" \/>\n<meta property=\"og:type\" content=\"article\" \/>\n<meta property=\"og:title\" content=\"60\" \/>\n<meta property=\"og:description\" content=\"false\" \/>\n<meta property=\"og:url\" content=\"https:\/\/intervpn.com\/fr\/vpn\/surfshark\/\" \/>\n<meta property=\"og:site_name\" content=\"Meilleurs VPN - VPN gratuits - Achat VPN pas Cher - InterVPN\" \/>\n<meta property=\"article:modified_time\" content=\"2026-03-18T13:41:16+00:00\" \/>\n<meta property=\"og:image\" content=\"https:\/\/intervpn.com\/fr\/wp-content\/uploads\/sites\/2\/2020\/10\/surfshark-logo.jpg\" \/>\n\t<meta property=\"og:image:width\" content=\"1651\" \/>\n\t<meta property=\"og:image:height\" content=\"1102\" \/>\n\t<meta property=\"og:image:type\" content=\"image\/jpeg\" \/>\n<meta name=\"twitter:card\" content=\"summary_large_image\" \/>\n<meta name=\"twitter:label1\" content=\"Dur\u00e9e de lecture estim\u00e9e\" \/>\n\t<meta name=\"twitter:data1\" content=\"2 minutes\" \/>\n<script type=\"application\/ld+json\" class=\"yoast-schema-graph\">{\"@context\":\"https:\\\/\\\/schema.org\",\"@graph\":[{\"@type\":\"WebPage\",\"@id\":\"https:\\\/\\\/intervpn.com\\\/fr\\\/vpn\\\/surfshark\\\/\",\"url\":\"https:\\\/\\\/intervpn.com\\\/fr\\\/vpn\\\/surfshark\\\/\",\"name\":\"Surfshark - Meilleur VPN 2026 - Surfshark VPN Coupon - InterVPN\",\"isPartOf\":{\"@id\":\"https:\\\/\\\/intervpn.com\\\/fr\\\/#website\"},\"primaryImageOfPage\":{\"@id\":\"https:\\\/\\\/intervpn.com\\\/fr\\\/vpn\\\/surfshark\\\/#primaryimage\"},\"image\":{\"@id\":\"https:\\\/\\\/intervpn.com\\\/fr\\\/vpn\\\/surfshark\\\/#primaryimage\"},\"thumbnailUrl\":\"https:\\\/\\\/intervpn.com\\\/fr\\\/wp-content\\\/uploads\\\/sites\\\/2\\\/2020\\\/10\\\/surfshark-logo.jpg\",\"datePublished\":\"2020-09-02T17:29:54+00:00\",\"dateModified\":\"2026-03-18T13:41:16+00:00\",\"description\":\"Surfshark un VPN de confiance, utilis\u00e9 par plus d'un million d'internautes. Des serveurs de 65 pays, P2P, Pas de logs, Adblock.\",\"breadcrumb\":{\"@id\":\"https:\\\/\\\/intervpn.com\\\/fr\\\/vpn\\\/surfshark\\\/#breadcrumb\"},\"inLanguage\":\"fr-FR\",\"potentialAction\":[{\"@type\":\"ReadAction\",\"target\":[\"https:\\\/\\\/intervpn.com\\\/fr\\\/vpn\\\/surfshark\\\/\"]}]},{\"@type\":\"ImageObject\",\"inLanguage\":\"fr-FR\",\"@id\":\"https:\\\/\\\/intervpn.com\\\/fr\\\/vpn\\\/surfshark\\\/#primaryimage\",\"url\":\"https:\\\/\\\/intervpn.com\\\/fr\\\/wp-content\\\/uploads\\\/sites\\\/2\\\/2020\\\/10\\\/surfshark-logo.jpg\",\"contentUrl\":\"https:\\\/\\\/intervpn.com\\\/fr\\\/wp-content\\\/uploads\\\/sites\\\/2\\\/2020\\\/10\\\/surfshark-logo.jpg\",\"width\":1651,\"height\":1102,\"caption\":\"Coupon pour Surfshark VPN\"},{\"@type\":\"BreadcrumbList\",\"@id\":\"https:\\\/\\\/intervpn.com\\\/fr\\\/vpn\\\/surfshark\\\/#breadcrumb\",\"itemListElement\":[{\"@type\":\"ListItem\",\"position\":1,\"name\":\"Home\",\"item\":\"https:\\\/\\\/intervpn.com\\\/fr\\\/\"},{\"@type\":\"ListItem\",\"position\":2,\"name\":\"Fournisseurs VPN\",\"item\":\"https:\\\/\\\/intervpn.com\\\/fr\\\/vpn\\\/\"},{\"@type\":\"ListItem\",\"position\":3,\"name\":\"Surfshark\"}]},{\"@type\":\"WebSite\",\"@id\":\"https:\\\/\\\/intervpn.com\\\/fr\\\/#website\",\"url\":\"https:\\\/\\\/intervpn.com\\\/fr\\\/\",\"name\":\"Meilleurs VPN - VPN gratuits - Achat VPN pas Cher - InterVPN\",\"description\":\"Meilleurs VPN\",\"publisher\":{\"@id\":\"https:\\\/\\\/intervpn.com\\\/fr\\\/#organization\"},\"potentialAction\":[{\"@type\":\"SearchAction\",\"target\":{\"@type\":\"EntryPoint\",\"urlTemplate\":\"https:\\\/\\\/intervpn.com\\\/fr\\\/?s={search_term_string}\"},\"query-input\":{\"@type\":\"PropertyValueSpecification\",\"valueRequired\":true,\"valueName\":\"search_term_string\"}}],\"inLanguage\":\"fr-FR\"},{\"@type\":\"Organization\",\"@id\":\"https:\\\/\\\/intervpn.com\\\/fr\\\/#organization\",\"name\":\"Meilleurs VPN - VPN gratuits - Achat VPN pas Cher - InterVPN\",\"url\":\"https:\\\/\\\/intervpn.com\\\/fr\\\/\",\"logo\":{\"@type\":\"ImageObject\",\"inLanguage\":\"fr-FR\",\"@id\":\"https:\\\/\\\/intervpn.com\\\/fr\\\/#\\\/schema\\\/logo\\\/image\\\/\",\"url\":\"https:\\\/\\\/intervpn.com\\\/fr\\\/wp-content\\\/uploads\\\/sites\\\/2\\\/2020\\\/10\\\/logo-intervpn-450px.png\",\"contentUrl\":\"https:\\\/\\\/intervpn.com\\\/fr\\\/wp-content\\\/uploads\\\/sites\\\/2\\\/2020\\\/10\\\/logo-intervpn-450px.png\",\"width\":450,\"height\":122,\"caption\":\"Meilleurs VPN - VPN gratuits - Achat VPN pas Cher - InterVPN\"},\"image\":{\"@id\":\"https:\\\/\\\/intervpn.com\\\/fr\\\/#\\\/schema\\\/logo\\\/image\\\/\"}}]}<\/script>\n<!-- \/ Yoast SEO plugin. -->","yoast_head_json":{"title":"Surfshark - Meilleur VPN 2026 - Surfshark VPN Coupon - InterVPN","description":"Surfshark un VPN de confiance, utilis\u00e9 par plus d'un million d'internautes. Des serveurs de 65 pays, P2P, Pas de logs, Adblock.","robots":{"index":"index","follow":"follow","max-snippet":"max-snippet:-1","max-image-preview":"max-image-preview:large","max-video-preview":"max-video-preview:-1"},"canonical":"https:\/\/intervpn.com\/fr\/vpn\/surfshark\/","og_locale":"fr_FR","og_type":"article","og_title":"60","og_description":"false","og_url":"https:\/\/intervpn.com\/fr\/vpn\/surfshark\/","og_site_name":"Meilleurs VPN - VPN gratuits - Achat VPN pas Cher - InterVPN","article_modified_time":"2026-03-18T13:41:16+00:00","og_image":[{"width":1651,"height":1102,"url":"https:\/\/intervpn.com\/fr\/wp-content\/uploads\/sites\/2\/2020\/10\/surfshark-logo.jpg","type":"image\/jpeg"}],"twitter_card":"summary_large_image","twitter_misc":{"Dur\u00e9e de lecture estim\u00e9e":"2 minutes"},"schema":{"@context":"https:\/\/schema.org","@graph":[{"@type":"WebPage","@id":"https:\/\/intervpn.com\/fr\/vpn\/surfshark\/","url":"https:\/\/intervpn.com\/fr\/vpn\/surfshark\/","name":"Surfshark - Meilleur VPN 2026 - Surfshark VPN Coupon - InterVPN","isPartOf":{"@id":"https:\/\/intervpn.com\/fr\/#website"},"primaryImageOfPage":{"@id":"https:\/\/intervpn.com\/fr\/vpn\/surfshark\/#primaryimage"},"image":{"@id":"https:\/\/intervpn.com\/fr\/vpn\/surfshark\/#primaryimage"},"thumbnailUrl":"https:\/\/intervpn.com\/fr\/wp-content\/uploads\/sites\/2\/2020\/10\/surfshark-logo.jpg","datePublished":"2020-09-02T17:29:54+00:00","dateModified":"2026-03-18T13:41:16+00:00","description":"Surfshark un VPN de confiance, utilis\u00e9 par plus d'un million d'internautes. Des serveurs de 65 pays, P2P, Pas de logs, Adblock.","breadcrumb":{"@id":"https:\/\/intervpn.com\/fr\/vpn\/surfshark\/#breadcrumb"},"inLanguage":"fr-FR","potentialAction":[{"@type":"ReadAction","target":["https:\/\/intervpn.com\/fr\/vpn\/surfshark\/"]}]},{"@type":"ImageObject","inLanguage":"fr-FR","@id":"https:\/\/intervpn.com\/fr\/vpn\/surfshark\/#primaryimage","url":"https:\/\/intervpn.com\/fr\/wp-content\/uploads\/sites\/2\/2020\/10\/surfshark-logo.jpg","contentUrl":"https:\/\/intervpn.com\/fr\/wp-content\/uploads\/sites\/2\/2020\/10\/surfshark-logo.jpg","width":1651,"height":1102,"caption":"Coupon pour Surfshark VPN"},{"@type":"BreadcrumbList","@id":"https:\/\/intervpn.com\/fr\/vpn\/surfshark\/#breadcrumb","itemListElement":[{"@type":"ListItem","position":1,"name":"Home","item":"https:\/\/intervpn.com\/fr\/"},{"@type":"ListItem","position":2,"name":"Fournisseurs VPN","item":"https:\/\/intervpn.com\/fr\/vpn\/"},{"@type":"ListItem","position":3,"name":"Surfshark"}]},{"@type":"WebSite","@id":"https:\/\/intervpn.com\/fr\/#website","url":"https:\/\/intervpn.com\/fr\/","name":"Meilleurs VPN - VPN gratuits - Achat VPN pas Cher - InterVPN","description":"Meilleurs VPN","publisher":{"@id":"https:\/\/intervpn.com\/fr\/#organization"},"potentialAction":[{"@type":"SearchAction","target":{"@type":"EntryPoint","urlTemplate":"https:\/\/intervpn.com\/fr\/?s={search_term_string}"},"query-input":{"@type":"PropertyValueSpecification","valueRequired":true,"valueName":"search_term_string"}}],"inLanguage":"fr-FR"},{"@type":"Organization","@id":"https:\/\/intervpn.com\/fr\/#organization","name":"Meilleurs VPN - VPN gratuits - Achat VPN pas Cher - InterVPN","url":"https:\/\/intervpn.com\/fr\/","logo":{"@type":"ImageObject","inLanguage":"fr-FR","@id":"https:\/\/intervpn.com\/fr\/#\/schema\/logo\/image\/","url":"https:\/\/intervpn.com\/fr\/wp-content\/uploads\/sites\/2\/2020\/10\/logo-intervpn-450px.png","contentUrl":"https:\/\/intervpn.com\/fr\/wp-content\/uploads\/sites\/2\/2020\/10\/logo-intervpn-450px.png","width":450,"height":122,"caption":"Meilleurs VPN - VPN gratuits - Achat VPN pas Cher - InterVPN"},"image":{"@id":"https:\/\/intervpn.com\/fr\/#\/schema\/logo\/image\/"}}]}},"_links":{"self":[{"href":"https:\/\/intervpn.com\/fr\/wp-json\/wp\/v2\/product\/2069","targetHints":{"allow":["GET"]}}],"collection":[{"href":"https:\/\/intervpn.com\/fr\/wp-json\/wp\/v2\/product"}],"about":[{"href":"https:\/\/intervpn.com\/fr\/wp-json\/wp\/v2\/types\/product"}],"replies":[{"embeddable":true,"href":"https:\/\/intervpn.com\/fr\/wp-json\/wp\/v2\/comments?post=2069"}],"wp:featuredmedia":[{"embeddable":true,"href":"https:\/\/intervpn.com\/fr\/wp-json\/wp\/v2\/media\/2064"}],"wp:attachment":[{"href":"https:\/\/intervpn.com\/fr\/wp-json\/wp\/v2\/media?parent=2069"}],"wp:term":[{"taxonomy":"store","embeddable":true,"href":"https:\/\/intervpn.com\/fr\/wp-json\/wp\/v2\/store?post=2069"},{"taxonomy":"product_brand","embeddable":true,"href":"https:\/\/intervpn.com\/fr\/wp-json\/wp\/v2\/product_brand?post=2069"},{"taxonomy":"product_cat","embeddable":true,"href":"https:\/\/intervpn.com\/fr\/wp-json\/wp\/v2\/product_cat?post=2069"},{"taxonomy":"product_tag","embeddable":true,"href":"https:\/\/intervpn.com\/fr\/wp-json\/wp\/v2\/product_tag?post=2069"}],"curies":[{"name":"wp","href":"https:\/\/api.w.org\/{rel}","templated":true}]}}